{"id":592,"date":"2013-05-13T11:57:42","date_gmt":"2013-05-13T11:57:42","guid":{"rendered":"http:\/\/www.goldpriceticker.com\/?page_id=592"},"modified":"2025-09-27T20:28:16","modified_gmt":"2025-09-27T20:28:16","slug":"contact","status":"publish","type":"page","link":"https:\/\/www.goldpriceticker.com\/ar\/contact\/","title":{"rendered":"\u0627\u062a\u0635\u0644 \u0628\u0646\u0627"},"content":{"rendered":"\n<div class=\"wpcf7 no-js\" id=\"wpcf7-f591-o1\" lang=\"\" dir=\"rtl\" data-wpcf7-id=\"591\">\n<div class=\"screen-reader-response\"><p role=\"status\" aria-live=\"polite\" aria-atomic=\"true\"><\/p> <ul><\/ul><\/div>\n<form action=\"\/ar\/wp-json\/wp\/v2\/pages\/592#wpcf7-f591-o1\" method=\"post\" class=\"wpcf7-form init\" aria-label=\"\u0646\u0645\u0648\u0630\u062c \u0627\u0644\u0627\u062a\u0635\u0627\u0644\" novalidate=\"novalidate\" data-status=\"init\">\n<fieldset class=\"hidden-fields-container\"><input type=\"hidden\" name=\"_wpcf7\" value=\"591\" \/><input type=\"hidden\" name=\"_wpcf7_version\" value=\"6.1.5\" \/><input type=\"hidden\" name=\"_wpcf7_locale\" value=\"\" \/><input type=\"hidden\" name=\"_wpcf7_unit_tag\" value=\"wpcf7-f591-o1\" \/><input type=\"hidden\" name=\"_wpcf7_container_post\" value=\"0\" \/><input type=\"hidden\" name=\"_wpcf7_posted_data_hash\" value=\"\" \/>\n<\/fieldset>\n<p>\u00d8\u00a3\u00d8\u00b3\u00d9\u2026\u00d9\u0192 \u00d8\u00a7\u00d9\u201e\u00d9\u0192\u00d8\u00b1\u00d9\u0160\u00d9\u2026 (\u00d9\u2026\u00d8\u00b7\u00d9\u201e\u00d9\u02c6\u00d8\u00a8)\n<\/p>\n<p><span class=\"wpcf7-form-control-wrap\" data-name=\"your-name\"><input size=\"40\" maxlength=\"400\" class=\"wpcf7-form-control wpcf7-text wpcf7-validates-as-required\" aria-required=\"true\" aria-invalid=\"false\" value=\"\" type=\"text\" name=\"your-name\" \/><\/span>\n<\/p>\n<p>\u00d8\u00a8\u00d8\u00b1\u00d9\u0160\u00d8\u00af\u00d9\u0192 \u00d8\u00a7\u00d9\u201e\u00d8\u00a5\u00d9\u201e\u00d9\u0192\u00d8\u00aa\u00d8\u00b1\u00d9\u02c6\u00d9\u2020\u00d9\u0160 (\u00d9\u2026\u00d8\u00b7\u00d9\u201e\u00d9\u02c6\u00d8\u00a8)\n<\/p>\n<p><span class=\"wpcf7-form-control-wrap\" data-name=\"your-email\"><input size=\"40\" maxlength=\"400\" class=\"wpcf7-form-control wpcf7-email wpcf7-validates-as-required wpcf7-text wpcf7-validates-as-email\" aria-required=\"true\" aria-invalid=\"false\" value=\"\" type=\"email\" name=\"your-email\" \/><\/span>\n<\/p>\n<p>\u00d8\u00a7\u00d9\u201e\u00d8\u00b9\u00d9\u2020\u00d9\u02c6\u00d8\u00a7\u00d9\u2020\n<\/p>\n<p><span class=\"wpcf7-form-control-wrap\" data-name=\"your-subject\"><input size=\"40\" maxlength=\"400\" class=\"wpcf7-form-control wpcf7-text\" aria-invalid=\"false\" value=\"\" type=\"text\" name=\"your-subject\" \/><\/span>\n<\/p>\n<p>\u00d8\u00b1\u00d8\u00b3\u00d8\u00a7\u00d9\u201e\u00d8\u00aa\u00d9\u0192\n<\/p>\n<p><span class=\"wpcf7-form-control-wrap\" data-name=\"your-message\"><textarea cols=\"40\" rows=\"10\" maxlength=\"2000\" class=\"wpcf7-form-control wpcf7-textarea\" aria-invalid=\"false\" name=\"your-message\"><\/textarea><\/span>\n<\/p>\n<p><input class=\"wpcf7-form-control wpcf7-submit has-spinner\" type=\"submit\" value=\"\u00d8\u00a5\u00d8\u00b1\u00d8\u00b3\u00d8\u00a7\u00d9\u201e\" \/>\n<\/p><p style=\"display: none !important;\" class=\"akismet-fields-container\" data-prefix=\"_wpcf7_ak_\"><label>&#916;<textarea name=\"_wpcf7_ak_hp_textarea\" cols=\"45\" rows=\"8\" maxlength=\"100\"><\/textarea><\/label><input type=\"hidden\" id=\"ak_js_1\" name=\"_wpcf7_ak_js\" value=\"75\"\/><script>document.getElementById( \"ak_js_1\" ).setAttribute( \"value\", ( new Date() ).getTime() );<\/script><\/p><div class=\"wpcf7-response-output\" aria-hidden=\"true\"><\/div>\n<\/form>\n<\/div>\n\n","protected":false},"excerpt":{"rendered":"","protected":false},"author":1,"featured_media":0,"parent":0,"menu_order":0,"comment_status":"open","ping_status":"open","template":"","meta":{"footnotes":""},"class_list":["post-592","page","type-page","status-publish","hentry"],"_links":{"self":[{"href":"https:\/\/www.goldpriceticker.com\/ar\/wp-json\/wp\/v2\/pages\/592","targetHints":{"allow":["GET"]}}],"collection":[{"href":"https:\/\/www.goldpriceticker.com\/ar\/wp-json\/wp\/v2\/pages"}],"about":[{"href":"https:\/\/www.goldpriceticker.com\/ar\/wp-json\/wp\/v2\/types\/page"}],"author":[{"embeddable":true,"href":"https:\/\/www.goldpriceticker.com\/ar\/wp-json\/wp\/v2\/users\/1"}],"replies":[{"embeddable":true,"href":"https:\/\/www.goldpriceticker.com\/ar\/wp-json\/wp\/v2\/comments?post=592"}],"version-history":[{"count":1,"href":"https:\/\/www.goldpriceticker.com\/ar\/wp-json\/wp\/v2\/pages\/592\/revisions"}],"predecessor-version":[{"id":12511,"href":"https:\/\/www.goldpriceticker.com\/ar\/wp-json\/wp\/v2\/pages\/592\/revisions\/12511"}],"wp:attachment":[{"href":"https:\/\/www.goldpriceticker.com\/ar\/wp-json\/wp\/v2\/media?parent=592"}],"curies":[{"name":"wp","href":"https:\/\/api.w.org\/{rel}","templated":true}]}}